{"id":47,"date":"2011-01-23T07:56:14","date_gmt":"2011-01-23T07:56:14","guid":{"rendered":"http:\/\/blogs.oulipo.net\/qc\/?page_id=47"},"modified":"2011-06-12T16:26:57","modified_gmt":"2011-06-12T16:26:57","slug":"avertissement","status":"publish","type":"page","link":"https:\/\/blogs.oulipo.net\/qc\/avertissement\/","title":{"rendered":"Avertissement"},"content":{"rendered":"<p>Les po\u00e8mes, nomm\u00e9s sonnets, figurant dans cette anthologie, ont \u00e9t\u00e9 s\u00e9lectionn\u00e9s suivant un ou plusieurs des crit\u00e8res suivants:<\/p>\n<p>a) une d\u00e9cision de nature esth\u00e9tique: il s&rsquo;agit alors de po\u00e8mes auxquels le compilateur reconna\u00eet une certaine excellence po\u00e9tique, qu&rsquo;il a, ou aurait pu apprendre et retenir dans sa m\u00e9moire (quand il \u00e9tait encore capable de le faire)<\/p>\n<p>b) dans d&rsquo;autres cas, on a essay\u00e9 de pr\u00e9senter des textes repr\u00e9sentatifs d&rsquo;\u00e9coles (Le Parnasse, par exemple), de &lsquo;courants&rsquo; po\u00e9tiques (d\u00e9cadents, symbolistes, &#8230;), de &lsquo;sujets&rsquo; plus ou moins traditionnels (la campagne, la ville, l&rsquo;amour, &#8230;); il y a des sonnets \u00e9rotico-pornographiques, des parodies, des pastiches (toute une s\u00e9quence, par exemple, d&rsquo;imitations du c\u00e9l\u00e8bre Sonnet d&rsquo;Arvers)<\/p>\n<p>c) enfin on a tent\u00e9 de suivre l&rsquo;\u00e9volution de la forme du sonnet pendant la p\u00e9riode choisie (qui commence en 1801 et se poursuit, apr\u00e8s 1998), par une coda sommaire qui assemble des sonnets plus r\u00e9cents. Un descriptif (tr\u00e8s \u00e9l\u00e9mentaire) suit chaque po\u00e8me, et donne des indications sur la disposition des rimes, les m\u00e8tres, etc.<\/p>\n<p>Il n&rsquo;y a bien s\u00fbr, aucune raison pour qu&rsquo;un m\u00eame sonnet pr\u00e9sente un int\u00e9r\u00eat simultan\u00e9ment selon les trois crit\u00e8res, ni m\u00eame selon deux d&rsquo;entre eux.<\/p>\n<p>L\u2019ouvrage comprend trois parties :<\/p>\n<p>&#8211; dans la premi\u00e8re, CHOIX, se trouvent, dans un ordre grossi\u00e8rement chronologique, les sonnets s\u00e9lectionn\u00e9s. La deuxi\u00e8me et la troisi\u00e8me partie sont de nature formelle.<\/p>\n<p>&#8211; La deuxi\u00e8me, ELEMENTS D\u2019HISTOIRE reproduit en partie un cours donn\u00e9 \u00e0 l\u2019E.T.H. (Ecole Polytechnique de Z\u00fcrich) au premier semestre de l\u2019ann\u00e9e universitaire 2010-2011: c\u2019est une tentative de pr\u00e9sentation (partielle) de la FORME-SONNET dans plusieurs langues, et de son \u00e9volution, du treizi\u00e8me si\u00e8cle au vingti\u00e8me.<\/p>\n<p>&#8211; La troisi\u00e8me partie, DESCRIPTION, examine, du point de vue formel les quelques 50000 sonnets en langue fran\u00e7aise dont ont \u00e9t\u00e9 extraits les exemples qui constituent le CHOIX pr\u00e9sent\u00e9 dans la premi\u00e8re partie.<\/p>\n","protected":false},"excerpt":{"rendered":"<p>Les po\u00e8mes, nomm\u00e9s sonnets, figurant dans cette anthologie, ont \u00e9t\u00e9 s\u00e9lectionn\u00e9s suivant un ou plusieurs des crit\u00e8res suivants: a) une d\u00e9cision de nature esth\u00e9tique: il s&rsquo;agit alors de po\u00e8mes auxquels le compilateur reconna\u00eet une certaine excellence po\u00e9tique, qu&rsquo;il a, ou aurait pu apprendre et retenir dans sa m\u00e9moire (quand il \u00e9tait encore capable de le &hellip; <a href=\"https:\/\/blogs.oulipo.net\/qc\/avertissement\/\" class=\"more-link\">Continuer la lecture de <span class=\"screen-reader-text\">Avertissement<\/span>  <span class=\"meta-nav\">&rarr;<\/span><\/a><\/p>\n","protected":false},"author":1,"featured_media":0,"parent":0,"menu_order":0,"comment_status":"open","ping_status":"open","template":"","meta":{"footnotes":""},"class_list":["post-47","page","type-page","status-publish","hentry"],"_links":{"self":[{"href":"https:\/\/blogs.oulipo.net\/qc\/wp-json\/wp\/v2\/pages\/47","targetHints":{"allow":["GET"]}}],"collection":[{"href":"https:\/\/blogs.oulipo.net\/qc\/wp-json\/wp\/v2\/pages"}],"about":[{"href":"https:\/\/blogs.oulipo.net\/qc\/wp-json\/wp\/v2\/types\/page"}],"author":[{"embeddable":true,"href":"https:\/\/blogs.oulipo.net\/qc\/wp-json\/wp\/v2\/users\/1"}],"replies":[{"embeddable":true,"href":"https:\/\/blogs.oulipo.net\/qc\/wp-json\/wp\/v2\/comments?post=47"}],"version-history":[{"count":6,"href":"https:\/\/blogs.oulipo.net\/qc\/wp-json\/wp\/v2\/pages\/47\/revisions"}],"predecessor-version":[{"id":11642,"href":"https:\/\/blogs.oulipo.net\/qc\/wp-json\/wp\/v2\/pages\/47\/revisions\/11642"}],"wp:attachment":[{"href":"https:\/\/blogs.oulipo.net\/qc\/wp-json\/wp\/v2\/media?parent=47"}],"curies":[{"name":"wp","href":"https:\/\/api.w.org\/{rel}","templated":true}]}}