{"id":55,"date":"2011-01-23T08:18:57","date_gmt":"2011-01-23T08:18:57","guid":{"rendered":"http:\/\/blogs.oulipo.net\/qc\/?page_id=55"},"modified":"2015-11-11T11:41:35","modified_gmt":"2015-11-11T11:41:35","slug":"notice-du-descriptif-formel","status":"publish","type":"page","link":"https:\/\/blogs.oulipo.net\/qc\/choix-premiere-partie\/notice-du-descriptif-formel\/","title":{"rendered":"Notice du descriptif formel"},"content":{"rendered":"<p style=\"text-align: justify;\">\u2013 (voir aussi Pause 1)<\/p>\n<p style=\"text-align: justify;\">a \u2013 Pour la commodit\u00e9 de la description, j\u2019admets que les dispositions (formules) de rimes s\u00e9parent enti\u00e8rement les quatrains (vers 1 \u00e0 4 ; vers 5 \u00e0 8) d\u2019une part, les tercets (vers 9 \u00e0 11; vers 12 \u00e0 14) de l\u2019autre. (Les exceptions sont rares).<\/p>\n<p style=\"text-align: justify;\">b \u2013 Je note la premi\u00e8re rime rencontr\u00e9e par <strong>a<\/strong>, la deuxi\u00e8me par <strong>b<\/strong>. Si de nouvelles rimes apparaissent dans le deuxi\u00e8me quatrain, elles sont not\u00e9es <strong>a\u2019<\/strong>, <strong>b\u2019<\/strong>.<\/p>\n<p style=\"text-align: justify;\">c \u2013 J\u2019\u00e9num\u00e8re en premier les formules \u00e0 deux rimes; puis celles \u00e0 trois rimes; enfin celles \u00e0 quatre rimes.<\/p>\n<p style=\"text-align: justify;\">d \u2013 Dans toutes ces formules les quatrains ont une identit\u00e9 autonome: aucun vers n\u2019y reste sans rime.<\/p>\n<p><span style=\"text-decoration: underline;\">Les formules de rimes des quatrains.<\/span><\/p>\n<p><span style=\"text-decoration: underline;\">Sur deux rimes<\/span><\/p>\n<p style=\"padding-left: 30px;\">Q1 <strong>aabb aabb<br \/>\n<\/strong>Q2 <strong>aabb abab<br \/>\n<\/strong>Q3 <strong>aabb abba<br \/>\n<\/strong>Q4 <strong>aabb baab<br \/>\n<\/strong>Q5 <strong>aabb baba<br \/>\n<\/strong>Q6 <strong>aabb bbaa<br \/>\n<\/strong>Q7 <strong>abab aabb<br \/>\n<\/strong>Q8 <strong>abab abab<br \/>\n<\/strong>Q9 <strong>abab abba<br \/>\n<\/strong>Q10 <strong>abab baab<br \/>\n<\/strong>Q11 <strong>abab baba<br \/>\n<\/strong>Q12 <strong>abab bbaa<br \/>\n<\/strong>Q13 <strong>abba aabb<br \/>\n<\/strong>Q14 <strong>abba abab<br \/>\n<\/strong>Q15 <strong>abba abba<br \/>\n<\/strong>Q16 <strong>abba baab<br \/>\n<\/strong>Q17 <strong>abba baba<br \/>\n<\/strong>Q18 <strong>abba bbaa<\/strong><\/p>\n<p><span style=\"text-decoration: underline;\">Sur trois rimes<\/span><\/p>\n<p style=\"padding-left: 30px;\">Q19 <strong>aabb aab\u2019b\u2019<br \/>\n<\/strong>Q20 <strong>aabb ab\u2019ab\u2019<br \/>\n<\/strong>Q21 <strong>aabb ab\u2019b&rsquo;a<br \/>\n<\/strong>Q22 <strong>aabb bba\u2019a\u2019<br \/>\n<\/strong>Q23 <strong>aabb ba\u2019ba\u2019<br \/>\n<\/strong>Q24 <strong>aabb ba\u2019a&rsquo;b<br \/>\n<\/strong>Q25 <strong>aabb a\u2019bba\u2019<br \/>\n<\/strong>Q26 <strong>aabb a\u2019ba\u2019b<br \/>\n<\/strong>Q27 <strong>aabb a\u2019a&rsquo;bb<br \/>\n<\/strong>Q28 <strong>aabb b\u2019aab<br \/>\n<\/strong>Q29 <strong>aabb b\u2019ab\u2019a<br \/>\n<\/strong>Q30 <strong>aabb b\u2019b&rsquo;aa<br \/>\n<\/strong>Q31 <strong>abab aab\u2019b\u2019<br \/>\n<\/strong>Q32 <strong>abab ab\u2019ab\u2019<br \/>\n<\/strong>Q33 <strong>abab ab\u2019b&rsquo;a<br \/>\n<\/strong>Q34 <strong>abab bba\u2019a\u2019<br \/>\n<\/strong>Q35 <strong>abab ba\u2019ba\u2019<br \/>\n<\/strong>Q36 <strong>abab ba\u2019a&rsquo;b<br \/>\n<\/strong>Q37 <strong>abab a\u2019bba\u2019<br \/>\n<\/strong>Q38 <strong>abab a\u2019ba\u2019b<br \/>\n<\/strong>Q39 <strong> abab a\u2019a&rsquo;bb<br \/>\n<\/strong>Q40 <strong>abab b\u2019aab\u2019<br \/>\n<\/strong>Q41 <strong>abab b\u2019ab\u2019a<br \/>\n<\/strong>Q42 <strong>abab b\u2019b&rsquo;aa<\/strong><br \/>\nQ43 <strong>abba aab\u2019b\u2019<\/strong><br \/>\nQ44 <strong>abba ab\u2019ab\u2019<\/strong><br \/>\nQ45 <strong>abba ab\u2019b&rsquo;a<\/strong><br \/>\nQ46 <strong>abba bba\u2019a\u2019<\/strong><br \/>\nQ47 <strong>abba ba\u2019ba\u2019<\/strong><br \/>\nQ48 <strong>abba ba\u2019a&rsquo;b<\/strong><br \/>\nQ49 <strong>abba a\u2019bba\u2019<\/strong><br \/>\nQ50 <strong>abba a\u2019ba\u2019b<\/strong><br \/>\nQ51 <strong>abba a\u2019a&rsquo;bb<\/strong><br \/>\nQ52 <strong>abba b\u2019aab\u2019<\/strong><br \/>\nQ53 <strong>abba b\u2019ab\u2019a<\/strong><br \/>\nQ54 <strong>abba b\u2019b&rsquo;aa<\/strong><\/p>\n<p><span style=\"text-decoration: underline;\">Sur quatre rimes<\/span><\/p>\n<p style=\"padding-left: 30px;\">Q55 <strong>aabb a\u2019a&rsquo;b\u2019b\u2019 <\/strong><br \/>\nQ56 <strong>aabb a\u2019b&rsquo;a\u2019b\u2019 <\/strong><br \/>\nQ57 <strong>aabb a\u2019b&rsquo;b\u2019a\u2019<\/strong><br \/>\nQ58 <strong>abab a\u2019a&rsquo;b\u2019b\u2019 <\/strong><br \/>\nQ59 <strong>abab a\u2019b&rsquo;a\u2019b\u2019<\/strong><br \/>\nQ60 <strong>abab a\u2019b&rsquo;b\u2019a\u2019<\/strong><br \/>\nQ61 <strong>abba a\u2019a&rsquo;b\u2019b\u2019<\/strong><br \/>\nQ62 <strong>abba a\u2019b&rsquo;a\u2019b\u2019<br \/>\n<\/strong>Q63 <strong>abba a\u2019b&rsquo;b\u2019a\u2019<\/strong><\/p>\n<p style=\"text-align: justify;\">Si le premier quatrain est monorime (<strong>aaaa<\/strong>) ou si les quatrains ne sont pas autonomes, la s\u00e9quence des rimes de l\u2019octave est not\u00e9e enti\u00e8rement.<\/p>\n<p><span style=\"text-decoration: underline;\">Les formules de rimes des tercets<\/span><\/p>\n<p style=\"padding-left: 30px;\">T1 <strong>ccc ccc<\/strong><br \/>\nT2 <strong>ccd cdd<\/strong><br \/>\nT3 <strong>ccc dcd<\/strong><br \/>\nT4 <strong>ccc ddc<\/strong><br \/>\nT5 <strong>ccc ddd<\/strong><br \/>\nT6 <strong>ccd ccd <\/strong><br \/>\nT7 <strong>ccd cdc<\/strong><br \/>\nT8 <strong>ccd cdd<\/strong><br \/>\nT9 <strong>ccd dcc<\/strong><br \/>\nT10 <strong>ccd dcd<\/strong><br \/>\nT11 <strong>ccd ddc<\/strong><br \/>\nT12 <strong>ccd ddd <\/strong><br \/>\nT13 <strong>cc dd ee<\/strong><br \/>\nT14 <strong>ccd ede<\/strong><br \/>\nT15 <strong>ccd eed<\/strong><br \/>\nT16 <strong>cdc ccd<\/strong><br \/>\nT17 <strong>cdc cdc<\/strong><br \/>\nT18 <strong>cdc cdd <\/strong><br \/>\nT19 <strong>cdc dcc<\/strong><br \/>\nT20 <strong>cdc dcd<\/strong><br \/>\nT21 <strong>cdc ddc<\/strong><br \/>\nT22 <strong>cdc ddd <\/strong><br \/>\nT23 <strong>cdc dee<\/strong><br \/>\nT24 <strong>cdc ede<\/strong><br \/>\nT25 <strong>cdc eed <\/strong><br \/>\nT26 <strong>cdd ccc<\/strong><br \/>\nT27 <strong>cdd ccd<\/strong><br \/>\nT28 <strong>cdd cdc<\/strong><br \/>\nT29 <strong>cdd cdd <\/strong><br \/>\nT30 <strong>cdd cee <\/strong><br \/>\nT31 <strong>cdd dcc<\/strong><br \/>\nT32 <strong>cdd dcd <\/strong><br \/>\nT33 <strong>cdd ddc <\/strong><br \/>\nT34 <strong>cdd ece<\/strong><br \/>\nT35 <strong>cdd eec<\/strong><br \/>\nT36 <strong>cde cde<\/strong><br \/>\nT37 <strong>cde ced<\/strong><br \/>\nT38 <strong>cde dce<\/strong><br \/>\nT39 <strong>cde dec<\/strong><br \/>\nT40 <strong>cde ecd<br \/>\n<\/strong>T41 <strong>cde edc<\/strong><\/p>\n<p>Si certains vers n\u2019ont pas de rime, ils sont not\u00e9s x, y, z, \u2026, et la s\u00e9quence des rimes des tercets est not\u00e9e en entier.<\/p>\n<p>Si les vers ne sont pas rim\u00e9s, on notera<\/p>\n<p style=\"padding-left: 30px;\">bl<\/p>\n<p>s\u2019ils le sont d\u2019une mani\u00e8re trop irr\u00e9guli\u00e8re, on notera<\/p>\n<p style=\"padding-left: 30px;\">r.irr<\/p>\n<p>Les sonnets en prose sont not\u00e9s<\/p>\n<p style=\"padding-left: 30px;\">pr<\/p>\n<p><span style=\"text-decoration: underline;\">Reprise de rimes<\/span><\/p>\n<p style=\"text-align: justify;\">Les rimes des tercets sont ordinairement distinctes de celles des quatrains. S\u2019il y a reprise dans les tercets d\u2019une rime des quatrains, cela est signal\u00e9. Exemple<\/p>\n<p style=\"padding-left: 30px;\">c=a<\/p>\n<p><span style=\"text-decoration: underline;\">Jeu sur le sexe des rimes<\/span><\/p>\n<p style=\"text-align: justify;\">dans quelques cas on rencontre un jeu associant \u00e0 une rime masculine x la rime f\u00e9minine qui lui correspond. On note<\/p>\n<p style=\"padding-left: 30px;\">x* la rime f\u00e9minine associ\u00e9e \u00e0 x<\/p>\n<p><span style=\"text-decoration: underline;\">Les m\u00e8tres<\/span><\/p>\n<p style=\"padding-left: 30px;\">mono vers d\u2019une seule syllabe<\/p>\n<p style=\"padding-left: 30px;\">2s<\/p>\n<p style=\"padding-left: 30px;\">3s<\/p>\n<p style=\"padding-left: 30px;\">4s<\/p>\n<p style=\"padding-left: 30px;\">5s<\/p>\n<p style=\"padding-left: 30px;\">6s<\/p>\n<p style=\"padding-left: 30px;\">7s<\/p>\n<p style=\"padding-left: 30px;\">octo vers de 8 syllabes<\/p>\n<p style=\"padding-left: 30px;\">9s<\/p>\n<p style=\"padding-left: 30px;\">d\u00e9ca vers de 10 syllabes avec la c\u00e9sure classique<\/p>\n<p style=\"padding-left: 30px;\">tara taratantara; vers de 10 syllabes avec c\u00e9sure en position 5<\/p>\n<p style=\"padding-left: 30px;\">10s vers de 10 syllabes non c\u00e9sur\u00e9s classiquement<\/p>\n<p style=\"padding-left: 30px;\">11s<\/p>\n<p style=\"padding-left: 30px;\">12s vers de 12 syllabes non c\u00e9sur\u00e9s classiquement. Les alexandrins ne sont pas signal\u00e9s<\/p>\n<p style=\"padding-left: 30px;\">13s<\/p>\n<p style=\"padding-left: 30px;\">14s<\/p>\n<p style=\"padding-left: 30px;\">15s<\/p>\n<p style=\"padding-left: 30px;\">16s<\/p>\n<p>Si le sonnet utilise plusieurs types de vers on note le m\u00e8tre dominant (silencieusement s\u2019il s\u2019agit d\u2019alexandrins) et on indique les vers ayant un autre d\u00e9compte<\/p>\n<p>Cas particulier:<\/p>\n<p style=\"padding-left: 30px;\">bdn (boule de neige) : utilis\u00e9 pour les sonnets o\u00f9 les longueurs de vers croissent ou d\u00e9croissent de mani\u00e8re syst\u00e9matique d\u2019un vers \u00e0 l\u2019autre<\/p>\n<p style=\"padding-left: 30px;\">m.irr indique qu\u2019aucune disposition r\u00e9guli\u00e8re des m\u00e8tres n\u2019est assur\u00e9e<\/p>\n<p><span style=\"text-decoration: underline;\">vers libres<\/span><\/p>\n<p>non compt\u00e9s, non rim\u00e9s<\/p>\n<p style=\"padding-left: 30px;\">vL<\/p>\n<p><span style=\"text-decoration: underline;\">Les dispositions strophiques<\/span><\/p>\n<p>La r\u00e9partition ordinaire des strophes, non signal\u00e9e est 4+4+3+3. Les dispositions diff\u00e9rentes sont indiqu\u00e9es.<\/p>\n<p>Les strophes sont g\u00e9n\u00e9ralement s\u00e9par\u00e9es. On note<\/p>\n<p style=\"padding-left: 30px;\">sns<\/p>\n<p>les sonnets \u00e0 strophes non s\u00e9par\u00e9es.<\/p>\n<p><span style=\"text-decoration: underline;\">Longueur du sonnet<\/span><\/p>\n<p>Le nombre ordinaire de vers est 14. S\u2019il y en a plus, ou moins, on le note. Par exemple:<\/p>\n<p style=\"padding-left: 30px;\">15v sonnet de quinze vers<\/p>\n<p><span style=\"text-decoration: underline;\">Le sonnet shakespearo-mallarm\u00e9en<\/span><\/p>\n<p><strong>shmall<\/strong> d\u00e9signe les sonnets \u00e0 disposition 4+4+4+2 et \u00e0 formule de rimes<\/p>\n<p><strong>abab cdcd efef gg<\/strong><\/p>\n<p><span style=\"text-decoration: underline;\">vari\u00e9t\u00e9s particuli\u00e8res<\/span><\/p>\n<p>\u2013 le \u2019sonnet renvers\u00e9\u2019:<\/p>\n<p style=\"padding-left: 30px;\">s.rev. suivi de la s\u00e9quence des rimes en commen\u00e7ant par la derni\u00e8re<\/p>\n<p>\u2013 les \u2019sonnets sur la forme du sonnet\u2019 sont not\u00e9s<\/p>\n<p style=\"padding-left: 30px;\">s sur s<\/p>\n<p>\u2013 une s\u00e9quence de sonnets choisis \u00e0 peu pr\u00e8s au hasard, et intitul\u00e9e \u2018le bouquet inutile\u2019<\/p>\n<p style=\"padding-left: 30px;\">bi<\/p>\n<p>\u2013 des imitations du fameux \u2019sonnet d\u2019Arvers\u2019<\/p>\n<p style=\"padding-left: 30px;\">arv<\/p>\n<p>\u2013 les traductions (principalement, Shakespeare et P\u00e9trarque)<\/p>\n<p style=\"padding-left: 30px;\">tr<\/p>\n","protected":false},"excerpt":{"rendered":"<p>\u2013 (voir aussi Pause 1) a \u2013 Pour la commodit\u00e9 de la description, j\u2019admets que les dispositions (formules) de rimes s\u00e9parent enti\u00e8rement les quatrains (vers 1 \u00e0 4 ; vers 5 \u00e0 8) d\u2019une part, les tercets (vers 9 \u00e0 11; vers 12 \u00e0 14) de l\u2019autre. (Les exceptions sont rares). b \u2013 Je note &hellip; <a href=\"https:\/\/blogs.oulipo.net\/qc\/choix-premiere-partie\/notice-du-descriptif-formel\/\" class=\"more-link\">Continuer la lecture de <span class=\"screen-reader-text\">Notice du descriptif formel<\/span>  <span class=\"meta-nav\">&rarr;<\/span><\/a><\/p>\n","protected":false},"author":1,"featured_media":0,"parent":11644,"menu_order":2,"comment_status":"open","ping_status":"open","template":"","meta":{"footnotes":""},"class_list":["post-55","page","type-page","status-publish","hentry"],"_links":{"self":[{"href":"https:\/\/blogs.oulipo.net\/qc\/wp-json\/wp\/v2\/pages\/55","targetHints":{"allow":["GET"]}}],"collection":[{"href":"https:\/\/blogs.oulipo.net\/qc\/wp-json\/wp\/v2\/pages"}],"about":[{"href":"https:\/\/blogs.oulipo.net\/qc\/wp-json\/wp\/v2\/types\/page"}],"author":[{"embeddable":true,"href":"https:\/\/blogs.oulipo.net\/qc\/wp-json\/wp\/v2\/users\/1"}],"replies":[{"embeddable":true,"href":"https:\/\/blogs.oulipo.net\/qc\/wp-json\/wp\/v2\/comments?post=55"}],"version-history":[{"count":9,"href":"https:\/\/blogs.oulipo.net\/qc\/wp-json\/wp\/v2\/pages\/55\/revisions"}],"predecessor-version":[{"id":11721,"href":"https:\/\/blogs.oulipo.net\/qc\/wp-json\/wp\/v2\/pages\/55\/revisions\/11721"}],"up":[{"embeddable":true,"href":"https:\/\/blogs.oulipo.net\/qc\/wp-json\/wp\/v2\/pages\/11644"}],"wp:attachment":[{"href":"https:\/\/blogs.oulipo.net\/qc\/wp-json\/wp\/v2\/media?parent=55"}],"curies":[{"name":"wp","href":"https:\/\/api.w.org\/{rel}","templated":true}]}}